{"id":4,"date":"2015-02-20T13:29:47","date_gmt":"2015-02-20T13:29:47","guid":{"rendered":"http:\/\/art-sabban.be\/?page_id=4"},"modified":"2025-08-23T20:37:26","modified_gmt":"2025-08-23T18:37:26","slug":"biographie-2","status":"publish","type":"page","link":"https:\/\/art-sabban.be\/?page_id=4","title":{"rendered":"Biographie"},"content":{"rendered":"<p><strong>V\u00e9ronique \u00a0SABBAN<\/strong>, n\u00e9e \u00e0 Nice (FR) un 13 novembre\u00a0<\/p>\n<ul>\n<li>Master en Arts Plastiques, Visuels et de l\u2019Espace obtenu de l\u2019Acad\u00e9mie Royale des Beaux-Arts de Bruxelles avec Grande Distinction en 1990.<\/li>\n<li>Obtention d\u2019une bourse de fin d&rsquo;\u00e9tudes au Mus\u00e9e de la Tapisserie et des Arts du Tissu de Tournai en 1991.<\/li>\n<\/ul>\n<h4><strong>Expositions collectives et individuelles \u00a01989-2025<\/strong><\/h4>\n<p>Galerie Artisjok, \u00ab\u00a0Expressive Paintings meet Afrormosia\u00a0\u00bb duo-exposition avec Ronald Marien, Lier<br \/>Maison de la Francit\u00e9, artiste invit\u00e9e, expo solo, Bruxelles<br \/>Mont-de-Pi\u00e9t\u00e9 Gallery, Bruxelles<br \/>Galerie d&rsquo;Art &#8211; Antiquaire &#8211; \u00ab\u00a0Au fil du temps\u00a0\u00bb, Bruxelles<br \/>Euroltra Autumn ART Event, Institut Bruno Lussato, Bruxelles (Prince d\u2019Orange)<br \/>By Joseph, Galerie Rivoli, Bruxelles<br \/>Marco Titucci fine-art-galleries, De Haan<br \/>ArtCaf, Haute Gallery, Bruxelles<br \/>Contemporary Art Fair (Shopping Woluwe 2017)<br \/>Prix des Arts de Woluwe-Saint-Pierre (s\u00e9lectionn\u00e9e), Bruxelles<br \/>Parcours d&rsquo;artistes de Saint-Gilles 2016, Maison du Livre, Bruxelles<br \/>Prix des Arts de Woluwe-Saint-Pierre &#8211; (s\u00e9lectionn\u00e9e), Bruxelles<br \/>\u00ab Laat je kunsten zien\u00bb (s\u00e9lectionn\u00e9e), De Bosuil, Overijse<br \/>Galerie Passerelle Louise avec le Collectif Ars Varia (Bruxelles)<br \/>Galerie Espace Blanche, Bruxelles Grand\u2019Place<br \/>City museum Nepomuk (CZ)<br \/>Sofitel Brussels Europe<br \/>Prix Louis Schmidt, Universit\u00e9 Libre de Bruxelles<br \/>Nova Belgica Art &amp; Design gallery (Sint-Truiden)<br \/>Maison Fraeyman (Bruxelles)<br \/>Divers b\u00e2timents de l\u2019Union Europ\u00e9enne \u00e0 Bruxelles<br \/>Art Decor Luxe sh. Gallery (Ciney)<br \/>Galerie Venta (Li\u00e8ge)<br \/>Espace Wallonie-Bruxelles<br \/>Exposition de photos \u00abPoze III\u00bb, Africa Town, Bozar (Palais des Beaux-Arts, Bruxelles)<br \/>Brussels Accessible Art Fair, H\u00f4tel Conrad (Bruxelles)<br \/>Galerie Zada \u00ab\u00a0When Modern meets Tradition\u00a0\u00bb, tapisseries contemporaines (Sablon, Bruxelles)<br \/>Art Event07 (Anvers)<br \/>Conservatoire Royal de Musique (Bruxelles)<br \/>Mus\u00e9e des Beaux-Arts de Mouscron \u00ab\u00a0La Piscine\u00a0\u00bb<br \/>Rollebeek Gallery28 (Sablon-Bruxelles)<br \/>22eme Journ\u00e9e du Livre &amp; des Arts, Hilton (Bruxelles)<br \/>Lineart, Galerij Depypere (Gent + Kuurne)<br \/>Galerie Figure (Paris)<br \/>Cimaises Mercator, (Bruxelles. &amp; Anvers)<br \/>Galerie Projection (Bruxelles)<br \/>Galerie Reinold Ketelbuters (Sablon, Bruxelles)<br \/>Conservatoire royal de Bruxelles<br \/>Galerie Argo (Knokke)<br \/>Mus\u00e9e des Beaux-Arts de Mons<br \/>Mus\u00e9e Adzak , Paris (FR)<br \/>Mus\u00e9e d\u2019Art Spontan\u00e9 (Bruxelles)<br \/>Campo &amp; Campo, (Anvers)<br \/>Mini Print International de gravure miniature, Cadaques (ES)<br \/>Galerie Hutse (Bruxelles)<br \/>City Museum Nepomuk (CZ)<br \/>Sofitel Brussels Europe<br \/>Prix Louis Schmidt, ULB-Bruxelles<\/p>\n<h3><strong>Prix\u00a0remport\u00e9s<\/strong><\/h3>\n<p>Coup de c\u0153ur du Parcours d\u2019artistes de Saint-Gilles 2002<br \/>Prix d\u2019encouragement du Ministre des Arts, des Lettres &amp; l\u2019Audiovisuel de la Communaut\u00e9 Fran\u00e7aise (A. Miller) pour le Domaine de la Lice, cr\u00e9ation de carton de tapisserie (2\u00e8me mention) \u2013 2001<br \/>Retenue pour la Belgique(12 pays europ\u00e9ens repr\u00e9sent\u00e9s)r\u00e9alisation d\u2019une toile pour le lancement de l\u2019Opel Corsa2000<br \/>Prix Serge Moureaux, \u00ab\u00a0Janus\u00a0\u00bb (peinture)<br \/>Laur\u00e9ate du Prix Olivier Strelli (sculpture assemblage)<br \/>2\u00e8me Prix du Domaine de la Lice pour la tapisserie miniature \u2013 1992<br \/>Prix \u00ab\u00a0Int\u00e9rieur 90 \u00a0\u00bb (projets textiles), Courtrai \u2013 1990<br \/>Bourse de recherche \u00e0 la Fondation de la Tapisserie, Tournai \u2013 1990<\/p>\n<h3><strong>Divers<\/strong><\/h3>\n<p>Interview\u00e9e sur mon art multidisciplinaire par le pr\u00e9sident de ATOA (NY), Douglas I. Sheer &amp; Eric Lens, amateur d\u2019art, 2024<br \/>100 artistes en libert\u00e9, MJB &#8211; 2016<br \/>Participation \u00e0 la \u00abBelgium Horse Parade\u00a0\u00bb pour I.F.A.H (International Federation for Animal\u2019s Health)\u00a0\u2013 Europe \u00a0-2005<br \/>Cr\u00e9ation d\u2019\u00e9tiquettes de vin (Bordeaux &amp; C\u00f4tes du Rh\u00f4ne) Rob Fine Food &#8211; 2004<br \/>Tableau mis en vente aux ench\u00e8res Christie&rsquo;s au profit de la WIZO &#8211; 2000<br \/>Tableau mis en vente aux ench\u00e8res Sotheby\u2019s au profit du Mus\u00e9e d\u2019Art Moderne de Tel-Aviv &#8211; 1998<br \/>Cr\u00e9ation du coffret d\u2019\u00e9dition de luxe (limit\u00e9e \u00e0 1000 ex.) pour les dictionnaires Le Robert &#8211; 1998<br \/>Peinture en direct sur un mur de la Gare de la Chapelle pour Recyclart, Bruxelles &#8211; 1995<br \/>Participation \u00e0 Europalia Japon, r\u00e9alisation au Nebuta (dragon g\u00e9ant fait de papier de riz et illumin\u00e9) &#8211; 1989<br \/>Peintures dans les collections de plusieurs mus\u00e9es belges.<\/p>\n\n\n<p><strong>Bibliographie et r\u00e9f\u00e9rences<\/strong> <\/p>\n\n\n\n<ul class=\"wp-block-list\">\n<li>ARTFABETIC on line : Dictionnaire biographique illustr\u00e9 des artistes plasticiens de France et de la francophonie &#8211; 2021<\/li>\n\n\n\n<li>SAUR : Allgemeines k\u00fcnstlerlexikon bio-bibliographischer index a-2 2., erweiterte und aktualisierte ausgabe the artists of the world bio-bibliographical index a-z 2nd revised and enlarged edition &#8211; 2007<\/li>\n\n\n\n<li>PIRON : Dictionnaire des artistes plasticiens de Belgique des XIXe et XXe si\u00e8cles \u2013 2003<\/li>\n\n\n\n<li>ARTO : Dictionnaire Biographique &#8211; Arts Plastiques en Belgique, vol. &#8211; P-Z \u2013 2002<\/li>\n\n\n\n<li>ARTO : Biografisch Lexicon Plastische Kunst in Belgie, vol. K-Z &#8211; 2000<\/li>\n\n\n\n<li>ARTISTES ET GALERIES : Monographie dans les livres de Christophe Poncelet aux \u00e9ditions S.I. Belgium &#8211; 1997 &amp; 1998<\/li>\n\n\n\n<li>FEMMES! ET PLUS ENCORE\u2026, livre d\u2019Alain Tr\u00e9miseau \u00abune s\u00e9rie de portraits de femmes remarquables de notre \u00e9poque, politiciennes, artistes, sportives, scientifiques etc.\u00bb &#8211; 1999<\/li>\n<\/ul>\n","protected":false},"excerpt":{"rendered":"<p>V\u00e9ronique \u00a0SABBAN, n\u00e9e \u00e0 Nice (FR) un 13 novembre\u00a0 Master en Arts Plastiques, Visuels et de l\u2019Espace obtenu de l\u2019Acad\u00e9mie Royale des Beaux-Arts de Bruxelles avec Grande Distinction en 1990. Obtention d\u2019une bourse de fin d&rsquo;\u00e9tudes au Mus\u00e9e de la Tapisserie et des Arts du Tissu de Tournai en 1991. Expositions collectives et individuelles \u00a01989-2025 [&hellip;]<\/p>\n","protected":false},"author":1,"featured_media":0,"parent":0,"menu_order":0,"comment_status":"open","ping_status":"open","template":"","meta":{"_locale":"fr_FR","_original_post":"4","footnotes":""},"class_list":["post-4","page","type-page","status-publish","hentry","fr-FR"],"_links":{"self":[{"href":"https:\/\/art-sabban.be\/index.php?rest_route=\/wp\/v2\/pages\/4","targetHints":{"allow":["GET"]}}],"collection":[{"href":"https:\/\/art-sabban.be\/index.php?rest_route=\/wp\/v2\/pages"}],"about":[{"href":"https:\/\/art-sabban.be\/index.php?rest_route=\/wp\/v2\/types\/page"}],"author":[{"embeddable":true,"href":"https:\/\/art-sabban.be\/index.php?rest_route=\/wp\/v2\/users\/1"}],"replies":[{"embeddable":true,"href":"https:\/\/art-sabban.be\/index.php?rest_route=%2Fwp%2Fv2%2Fcomments&post=4"}],"version-history":[{"count":44,"href":"https:\/\/art-sabban.be\/index.php?rest_route=\/wp\/v2\/pages\/4\/revisions"}],"predecessor-version":[{"id":1447,"href":"https:\/\/art-sabban.be\/index.php?rest_route=\/wp\/v2\/pages\/4\/revisions\/1447"}],"wp:attachment":[{"href":"https:\/\/art-sabban.be\/index.php?rest_route=%2Fwp%2Fv2%2Fmedia&parent=4"}],"curies":[{"name":"wp","href":"https:\/\/api.w.org\/{rel}","templated":true}]}}